{"id":27,"date":"2025-03-31T21:47:56","date_gmt":"2025-03-31T21:47:56","guid":{"rendered":"https:\/\/pavanesingers.fi\/?page_id=27"},"modified":"2026-04-19T18:16:25","modified_gmt":"2026-04-19T18:16:25","slug":"historia","status":"publish","type":"page","link":"https:\/\/pavanesingers.fi\/?page_id=27","title":{"rendered":"Historia"},"content":{"rendered":"\n<div class=\"wp-block-group alignfull is-layout-constrained wp-block-group-is-layout-constrained\">\n<p class=\"has-zakra-color-7-color has-text-color has-link-color wp-elements-84d4feb8adc1f2db7cb4a725cbd68848\">Lauluyhtye on perustettu vuonna 1992, Paimion kansalaisopiston alaisuuteen. Ensimm\u00e4isen\u00e4 kuoronjohtajana toimi Urpo Rantalankila.<\/p>\n\n\n\n<p>Pavane irtaantui kansalaisopistosta vuonna 2010 ja jatkoi toimintaansa itsen\u00e4isen\u00e4 lauluyhtyeyhdistyksen\u00e4.<\/p>\n\n\n\n<p>Vuosien aikana Pavane on tullut tunnetuksi n\u00e4ytelm\u00e4llisist\u00e4 musiikkiesityksist\u00e4 mutta my\u00f6s perinteisist\u00e4 konserteista. Tilausesiintymisi\u00e4 j\u00e4rjestet\u00e4\u00e4n my\u00f6s esim. syntym\u00e4p\u00e4iv\u00e4juhliin tai h\u00e4ihin.<\/p>\n\n\n\n<p>Lauluyhtyeen tyyli on muotoutunut vuosien my\u00f6t\u00e4 svengaavampaan suuntaan, tavoitteena yhten\u00e4inen tunnelma ja oikea soundi esityskappaleen mukaan.<\/p>\n\n\n\n<p><strong>Kuoronjohtajina ovat toimineet<\/strong><\/p>\n\n\n\n<p class=\"has-small-font-size\" style=\"line-height:1.4\">Urpo Rantalankila 1992-2009<\/p>\n\n\n\n<p class=\"has-small-font-size\" style=\"line-height:1.4\">Risto Ala-Kaila 2007-2009<\/p>\n\n\n\n<p class=\"has-small-font-size\">Silvia Koski 2009-2013<\/p>\n\n\n\n<p class=\"has-small-font-size\">Pekka Nebelung 2013-2016<\/p>\n\n\n\n<p class=\"has-small-font-size\">Timo Lehtovaara 2016-2018<\/p>\n\n\n\n<p class=\"has-small-font-size\">Outi Annala 2018-2019<\/p>\n\n\n\n<p class=\"has-small-font-size\">Satu Luukkonen 2022-<\/p>\n<\/div>\n\n\n\n<figure class=\"wp-block-gallery has-nested-images columns-default is-cropped wp-block-gallery-1 is-layout-flex wp-block-gallery-is-layout-flex\">\n<figure class=\"wp-block-image size-large\"><img loading=\"lazy\" decoding=\"async\" width=\"1024\" height=\"669\" data-id=\"89\" src=\"https:\/\/pavanesingers.fi\/wp-content\/uploads\/2025\/04\/Parantola-p-1024x669.jpg\" alt=\"\" class=\"wp-image-89\" srcset=\"https:\/\/pavanesingers.fi\/wp-content\/uploads\/2025\/04\/Parantola-p-1024x669.jpg 1024w, https:\/\/pavanesingers.fi\/wp-content\/uploads\/2025\/04\/Parantola-p-300x196.jpg 300w, https:\/\/pavanesingers.fi\/wp-content\/uploads\/2025\/04\/Parantola-p-768x502.jpg 768w, https:\/\/pavanesingers.fi\/wp-content\/uploads\/2025\/04\/Parantola-p.jpg 1374w\" sizes=\"auto, (max-width: 1024px) 100vw, 1024px\" \/><figcaption class=\"wp-element-caption\">Paimion Parantolassa<\/figcaption><\/figure>\n\n\n\n<figure class=\"wp-block-image size-large\"><img loading=\"lazy\" decoding=\"async\" width=\"1024\" height=\"768\" data-id=\"88\" src=\"https:\/\/pavanesingers.fi\/wp-content\/uploads\/2025\/04\/Ylosnousemuskappeli-1024x768.jpg\" alt=\"\" class=\"wp-image-88\" srcset=\"https:\/\/pavanesingers.fi\/wp-content\/uploads\/2025\/04\/Ylosnousemuskappeli-1024x768.jpg 1024w, https:\/\/pavanesingers.fi\/wp-content\/uploads\/2025\/04\/Ylosnousemuskappeli-300x225.jpg 300w, https:\/\/pavanesingers.fi\/wp-content\/uploads\/2025\/04\/Ylosnousemuskappeli-768x576.jpg 768w, https:\/\/pavanesingers.fi\/wp-content\/uploads\/2025\/04\/Ylosnousemuskappeli-1536x1152.jpg 1536w, https:\/\/pavanesingers.fi\/wp-content\/uploads\/2025\/04\/Ylosnousemuskappeli.jpg 1600w\" sizes=\"auto, (max-width: 1024px) 100vw, 1024px\" \/><figcaption class=\"wp-element-caption\">Yl\u00f6snousemuskappelissa<\/figcaption><\/figure>\n\n\n\n<figure class=\"wp-block-image size-large\"><img loading=\"lazy\" decoding=\"async\" width=\"417\" height=\"201\" data-id=\"85\" src=\"https:\/\/pavanesingers.fi\/wp-content\/uploads\/2025\/04\/petri20v_1.jpg\" alt=\"\" class=\"wp-image-85\" srcset=\"https:\/\/pavanesingers.fi\/wp-content\/uploads\/2025\/04\/petri20v_1.jpg 417w, https:\/\/pavanesingers.fi\/wp-content\/uploads\/2025\/04\/petri20v_1-300x145.jpg 300w\" sizes=\"auto, (max-width: 417px) 100vw, 417px\" \/><figcaption class=\"wp-element-caption\">Petri Laaksosen kons.<\/figcaption><\/figure>\n\n\n\n<figure class=\"wp-block-image size-large\"><img loading=\"lazy\" decoding=\"async\" width=\"417\" height=\"145\" data-id=\"86\" src=\"https:\/\/pavanesingers.fi\/wp-content\/uploads\/2025\/04\/musik20.jpg\" alt=\"\" class=\"wp-image-86\" srcset=\"https:\/\/pavanesingers.fi\/wp-content\/uploads\/2025\/04\/musik20.jpg 417w, https:\/\/pavanesingers.fi\/wp-content\/uploads\/2025\/04\/musik20-300x104.jpg 300w\" sizes=\"auto, (max-width: 417px) 100vw, 417px\" \/><figcaption class=\"wp-element-caption\">Lloyd Webber musikaalit<\/figcaption><\/figure>\n\n\n\n<figure class=\"wp-block-image size-large\"><img loading=\"lazy\" decoding=\"async\" width=\"417\" height=\"254\" data-id=\"87\" src=\"https:\/\/pavanesingers.fi\/wp-content\/uploads\/2025\/04\/putki17.jpg\" alt=\"\" class=\"wp-image-87\" srcset=\"https:\/\/pavanesingers.fi\/wp-content\/uploads\/2025\/04\/putki17.jpg 417w, https:\/\/pavanesingers.fi\/wp-content\/uploads\/2025\/04\/putki17-300x183.jpg 300w\" sizes=\"auto, (max-width: 417px) 100vw, 417px\" \/><figcaption class=\"wp-element-caption\">Lunta putkeen<\/figcaption><\/figure>\n<\/figure>\n","protected":false},"excerpt":{"rendered":"<p>Lauluyhtye on perustettu vuonna 1992, Paimion kansalaisopiston alaisuuteen. Ensimm\u00e4isen\u00e4 kuoronjohtajana toimi Urpo Rantalankila. Pavane irtaantui kansalaisopistosta vuonna 2010 ja jatkoi toimintaansa itsen\u00e4isen\u00e4 lauluyhtyeyhdistyksen\u00e4. Vuosien aikana Pavane on tullut tunnetuksi n\u00e4ytelm\u00e4llisist\u00e4 musiikkiesityksist\u00e4 mutta my\u00f6s perinteisist\u00e4 konserteista. Tilausesiintymisi\u00e4 j\u00e4rjestet\u00e4\u00e4n my\u00f6s esim. syntym\u00e4p\u00e4iv\u00e4juhliin tai h\u00e4ihin. Lauluyhtyeen tyyli on muotoutunut vuosien my\u00f6t\u00e4 svengaavampaan suuntaan, tavoitteena yhten\u00e4inen tunnelma ja oikea [&hellip;]<\/p>\n","protected":false},"author":1,"featured_media":0,"parent":0,"menu_order":0,"comment_status":"closed","ping_status":"closed","template":"","meta":{"zakra_page_container_layout":"customizer","zakra_page_sidebar_layout":"customizer","zakra_remove_content_margin":false,"zakra_sidebar":"customizer","zakra_transparent_header":"customizer","zakra_logo":0,"zakra_main_header_style":"default","zakra_menu_item_color":"","zakra_menu_item_hover_color":"","zakra_menu_item_active_color":"","zakra_menu_active_style":"","zakra_page_header":true,"footnotes":""},"class_list":["post-27","page","type-page","status-publish","hentry"],"_links":{"self":[{"href":"https:\/\/pavanesingers.fi\/index.php?rest_route=\/wp\/v2\/pages\/27","targetHints":{"allow":["GET"]}}],"collection":[{"href":"https:\/\/pavanesingers.fi\/index.php?rest_route=\/wp\/v2\/pages"}],"about":[{"href":"https:\/\/pavanesingers.fi\/index.php?rest_route=\/wp\/v2\/types\/page"}],"author":[{"embeddable":true,"href":"https:\/\/pavanesingers.fi\/index.php?rest_route=\/wp\/v2\/users\/1"}],"replies":[{"embeddable":true,"href":"https:\/\/pavanesingers.fi\/index.php?rest_route=%2Fwp%2Fv2%2Fcomments&post=27"}],"version-history":[{"count":11,"href":"https:\/\/pavanesingers.fi\/index.php?rest_route=\/wp\/v2\/pages\/27\/revisions"}],"predecessor-version":[{"id":474,"href":"https:\/\/pavanesingers.fi\/index.php?rest_route=\/wp\/v2\/pages\/27\/revisions\/474"}],"wp:attachment":[{"href":"https:\/\/pavanesingers.fi\/index.php?rest_route=%2Fwp%2Fv2%2Fmedia&parent=27"}],"curies":[{"name":"wp","href":"https:\/\/api.w.org\/{rel}","templated":true}]}}