{"id":221,"date":"2025-11-24T09:32:09","date_gmt":"2025-11-24T09:32:09","guid":{"rendered":"https:\/\/pavanesingers.fi\/?page_id=221"},"modified":"2026-04-19T17:59:19","modified_gmt":"2026-04-19T17:59:19","slug":"konserttimme-parantolassa","status":"publish","type":"page","link":"https:\/\/pavanesingers.fi\/?page_id=221","title":{"rendered":"Konserttimme Parantolassa"},"content":{"rendered":"\n<div class=\"wp-block-group alignfull is-layout-constrained wp-block-group-is-layout-constrained\">\n<p><strong>Rakastaa, ei rakastaa, rakastaa<\/strong> \u2013 konsertit pidettiin Paimion parantolassa &nbsp;4. ja 5. lokakuuta 2025 sek\u00e4 maaliskuussa 2026. Hienot tarinat ja livemusiikin taika koskettivat kuulijoita, ja saamamme yleis\u00f6palaute oli valtavan positiivista.<\/p>\n\n\n\n<p>\u201d Apua! Kyll\u00e4 me tiedettiin, ett\u00e4 te ootte hyvi\u00e4 ja erinomaisia ja mahtavia, mutta teh\u00e4n oottekin superloistaviahyvi\u00e4mahtavia! Kiitos! Me todella nautimme!\u201d<\/p>\n\n\n\n<p>\u201d Valtavan kauniisti soivat yhteen pavanelaisten \u00e4\u00e4net\u2026 ja mik\u00e4p\u00e4 laulajien laulaessa satumaisen johtajansa johdolla.\u201d<\/p>\n\n\n\n<p>Kerroimme konsertissa paimiolaisia rakkaustarinoita eri vuosikymmenilt\u00e4. N\u00e4m\u00e4 tositarinat avaavat oman aikansa historiaa ja kuvaavat paimiolaisten el\u00e4m\u00e4\u00e4 ja aikalaisten arkea. Tarinat ovat romanttisia, koskettavia, onnellisia ja surullisiakin \u2013 aivan kuten el\u00e4m\u00e4 yleens\u00e4kin. Tarinoiden tunnelmien mukaisesti valitsimme laulut ja n\u00e4in synty\u00e4 upea kokonaisuus. Taiteellinen johtajamme Satu Luukkonen loi hienon ja kiinnostavan musiikkimaailman tarinoiden ymp\u00e4rille.<\/p>\n\n\n\n<p><strong>Erityinen kiitos Paimion kaupungille<\/strong>, joka tuki projektiamme Paimio 700-kohdeavustuksella.<\/p>\n\n\n\n<p><\/p>\n\n\n\n<p>Ohessa tunnelmakuvia konsertista<br><em>Kuvat: Liinu Leiwo<\/em><\/p>\n<\/div>\n\n\n\n<div class=\"wp-block-columns is-layout-flex wp-container-core-columns-is-layout-28f84493 wp-block-columns-is-layout-flex\">\n<div class=\"wp-block-column is-layout-flow wp-block-column-is-layout-flow\" style=\"flex-basis:100%\"><\/div>\n<\/div>\n\n\n\n<div class=\"alignnormal\"><div id=\"metaslider-id-308\" style=\"width: 100%;\" class=\"ml-slider-3-108-0 metaslider metaslider-flex metaslider-308 ml-slider has-dots-nav ms-theme-default-base\" role=\"region\" aria-label=\"R\" data-height=\"1000\" data-width=\"1000\">\n    <div id=\"metaslider_container_308\">\n        <div id=\"metaslider_308\">\n            <ul aria-live='off' class='slides'>\n                <li style=\"display: block; width: 100%;\" class=\"slide-313 ms-image \" aria-roledescription=\"slide\" data-date=\"2025-11-23 13:43:20\" data-filename=\"Photo-4.10.2025-17.13.53-4-scaled-1000x1000.jpg\" data-slide-type=\"image\"><img loading=\"lazy\" decoding=\"async\" src=\"https:\/\/pavanesingers.fi\/wp-content\/uploads\/2025\/11\/Photo-4.10.2025-17.13.53-4-scaled-1000x1000.jpg\" height=\"1000\" width=\"1000\" alt=\"\" class=\"slider-308 slide-313 msDefaultImage\" title=\"Photo-4.10.2025-17.13.53-4\" \/><\/li>\n                <li style=\"display: none; width: 100%;\" class=\"slide-320 ms-image \" aria-roledescription=\"slide\" data-date=\"2025-11-23 13:43:21\" data-filename=\"Photo-5.10.2025-16.51.30-1-scaled-e1763908825671-1000x1000.jpg\" data-slide-type=\"image\"><img loading=\"lazy\" decoding=\"async\" src=\"https:\/\/pavanesingers.fi\/wp-content\/uploads\/2025\/11\/Photo-5.10.2025-16.51.30-1-scaled-e1763908825671-1000x1000.jpg\" height=\"1000\" width=\"1000\" alt=\"\" class=\"slider-308 slide-320 msDefaultImage\" title=\"Photo-5.10.2025-16.51.30-1\" \/><\/li>\n                <li style=\"display: none; width: 100%;\" class=\"slide-323 ms-image \" aria-roledescription=\"slide\" data-date=\"2025-11-23 13:43:21\" data-filename=\"Photo-4.10.2025-17.48.56-scaled-1000x1000.jpg\" data-slide-type=\"image\"><img loading=\"lazy\" decoding=\"async\" src=\"https:\/\/pavanesingers.fi\/wp-content\/uploads\/2025\/11\/Photo-4.10.2025-17.48.56-scaled-1000x1000.jpg\" height=\"1000\" width=\"1000\" alt=\"\" class=\"slider-308 slide-323 msDefaultImage\" title=\"Photo-4.10.2025-17.48.56\" \/><\/li>\n                <li style=\"display: none; width: 100%;\" class=\"slide-325 ms-image \" aria-roledescription=\"slide\" data-date=\"2025-11-23 13:43:21\" data-filename=\"Photo-4.10.2025-17.56.54-1-scaled-e1763908554155-1000x1000.jpg\" data-slide-type=\"image\"><img loading=\"lazy\" decoding=\"async\" src=\"https:\/\/pavanesingers.fi\/wp-content\/uploads\/2025\/11\/Photo-4.10.2025-17.56.54-1-scaled-e1763908554155-1000x1000.jpg\" height=\"1000\" width=\"1000\" alt=\"\" class=\"slider-308 slide-325 msDefaultImage\" title=\"Photo-4.10.2025-17.56.54-1\" \/><\/li>\n                <li style=\"display: none; width: 100%;\" class=\"slide-329 ms-image \" aria-roledescription=\"slide\" data-date=\"2025-11-23 13:43:21\" data-filename=\"Photo-5.10.2025-14.55.39-scaled-1000x1000.jpg\" data-slide-type=\"image\"><img loading=\"lazy\" decoding=\"async\" src=\"https:\/\/pavanesingers.fi\/wp-content\/uploads\/2025\/11\/Photo-5.10.2025-14.55.39-scaled-1000x1000.jpg\" height=\"1000\" width=\"1000\" alt=\"\" class=\"slider-308 slide-329 msDefaultImage\" title=\"Photo-5.10.2025-14.55.39\" \/><\/li>\n                <li style=\"display: none; width: 100%;\" class=\"slide-331 ms-image \" aria-roledescription=\"slide\" data-date=\"2025-11-23 13:43:21\" data-filename=\"Photo-5.10.2025-15.04.59-3-scaled-e1763909509513-1000x1000.jpg\" data-slide-type=\"image\"><img loading=\"lazy\" decoding=\"async\" src=\"https:\/\/pavanesingers.fi\/wp-content\/uploads\/2025\/11\/Photo-5.10.2025-15.04.59-3-scaled-e1763909509513-1000x1000.jpg\" height=\"1000\" width=\"1000\" alt=\"\" class=\"slider-308 slide-331 msDefaultImage\" title=\"Photo-5.10.2025-15.04.59-3\" \/><\/li>\n                <li style=\"display: none; width: 100%;\" class=\"slide-336 ms-image \" aria-roledescription=\"slide\" data-date=\"2025-11-23 13:43:21\" data-filename=\"Photo-5.10.2025-15.46.36-scaled-1000x1000.jpg\" data-slide-type=\"image\"><img loading=\"lazy\" decoding=\"async\" src=\"https:\/\/pavanesingers.fi\/wp-content\/uploads\/2025\/11\/Photo-5.10.2025-15.46.36-scaled-1000x1000.jpg\" height=\"1000\" width=\"1000\" alt=\"\" class=\"slider-308 slide-336 msDefaultImage\" title=\"Photo-5.10.2025-15.46.36\" \/><\/li>\n                <li style=\"display: none; width: 100%;\" class=\"slide-340 ms-image \" aria-roledescription=\"slide\" data-date=\"2025-11-23 13:43:22\" data-filename=\"Photo-5.10.2025-16.05.06-1-scaled-1000x1000.jpg\" data-slide-type=\"image\"><img loading=\"lazy\" decoding=\"async\" src=\"https:\/\/pavanesingers.fi\/wp-content\/uploads\/2025\/11\/Photo-5.10.2025-16.05.06-1-scaled-1000x1000.jpg\" height=\"1000\" width=\"1000\" alt=\"\" class=\"slider-308 slide-340 msDefaultImage\" title=\"Photo-5.10.2025-16.05.06-1\" \/><\/li>\n                <li style=\"display: none; width: 100%;\" class=\"slide-342 ms-image \" aria-roledescription=\"slide\" data-date=\"2025-11-23 13:43:22\" data-filename=\"Photo-5.10.2025-16.26.18-scaled-1000x1000.jpg\" data-slide-type=\"image\"><img loading=\"lazy\" decoding=\"async\" src=\"https:\/\/pavanesingers.fi\/wp-content\/uploads\/2025\/11\/Photo-5.10.2025-16.26.18-scaled-1000x1000.jpg\" height=\"1000\" width=\"1000\" alt=\"\" class=\"slider-308 slide-342 msDefaultImage\" title=\"Photo-5.10.2025-16.26.18\" \/><\/li>\n                <li style=\"display: none; width: 100%;\" class=\"slide-344 ms-image \" aria-roledescription=\"slide\" data-date=\"2025-11-23 13:43:22\" data-filename=\"Photo-5.10.2025-16.26.31-1-scaled-1000x1000.jpg\" data-slide-type=\"image\"><img loading=\"lazy\" decoding=\"async\" src=\"https:\/\/pavanesingers.fi\/wp-content\/uploads\/2025\/11\/Photo-5.10.2025-16.26.31-1-scaled-1000x1000.jpg\" height=\"1000\" width=\"1000\" alt=\"\" class=\"slider-308 slide-344 msDefaultImage\" title=\"Photo-5.10.2025-16.26.31-1\" \/><\/li>\n                <li style=\"display: none; width: 100%;\" class=\"slide-348 ms-image \" aria-roledescription=\"slide\" data-date=\"2025-11-23 13:43:22\" data-filename=\"Photo-5.10.2025-16.28.15-scaled-1000x1000.jpg\" data-slide-type=\"image\"><img loading=\"lazy\" decoding=\"async\" src=\"https:\/\/pavanesingers.fi\/wp-content\/uploads\/2025\/11\/Photo-5.10.2025-16.28.15-scaled-1000x1000.jpg\" height=\"1000\" width=\"1000\" alt=\"\" class=\"slider-308 slide-348 msDefaultImage\" title=\"Photo-5.10.2025-16.28.15\" \/><\/li>\n                <li style=\"display: none; width: 100%;\" class=\"slide-349 ms-image \" aria-roledescription=\"slide\" data-date=\"2025-11-23 13:43:22\" data-filename=\"Photo-5.10.2025-16.51.30-1-scaled-e1763908825671-1000x1000.jpg\" data-slide-type=\"image\"><img loading=\"lazy\" decoding=\"async\" src=\"https:\/\/pavanesingers.fi\/wp-content\/uploads\/2025\/11\/Photo-5.10.2025-16.51.30-1-scaled-e1763908825671-1000x1000.jpg\" height=\"1000\" width=\"1000\" alt=\"\" class=\"slider-308 slide-349 msDefaultImage\" title=\"Photo-5.10.2025-16.51.30-1\" \/><\/li>\n                <li style=\"display: none; width: 100%;\" class=\"slide-359 ms-image \" aria-roledescription=\"slide\" data-date=\"2025-11-23 15:04:00\" data-filename=\"IMG-20251123-WA0006-e1763908730881-1000x1000.jpg\" data-slide-type=\"image\"><img loading=\"lazy\" decoding=\"async\" src=\"https:\/\/pavanesingers.fi\/wp-content\/uploads\/2025\/11\/IMG-20251123-WA0006-e1763908730881-1000x1000.jpg\" height=\"1000\" width=\"1000\" alt=\"\" class=\"slider-308 slide-359 msDefaultImage\" title=\"IMG-20251123-WA0006\" \/><\/li>\n                <li style=\"display: none; width: 100%;\" class=\"slide-362 ms-image \" aria-roledescription=\"slide\" data-date=\"2025-11-23 15:23:39\" data-filename=\"satu-scaled-1000x1000.jpg\" data-slide-type=\"image\"><img loading=\"lazy\" decoding=\"async\" src=\"https:\/\/pavanesingers.fi\/wp-content\/uploads\/2025\/11\/satu-scaled-1000x1000.jpg\" height=\"1000\" width=\"1000\" alt=\"\" class=\"slider-308 slide-362 msDefaultImage\" title=\"satu\" \/><\/li>\n            <\/ul>\n        <\/div>\n        \n    <\/div>\n<\/div><\/div>\n\n\n\n<p><a href=\"mailto:pavanesingers@gmail.com\">pavanesingers@gmail.com<\/a><\/p>\n","protected":false},"excerpt":{"rendered":"<p>Rakastaa, ei rakastaa, rakastaa \u2013 konsertit pidettiin Paimion parantolassa &nbsp;4. ja 5. lokakuuta 2025 sek\u00e4 maaliskuussa 2026. Hienot tarinat ja livemusiikin taika koskettivat kuulijoita, ja saamamme yleis\u00f6palaute oli valtavan positiivista. \u201d Apua! Kyll\u00e4 me tiedettiin, ett\u00e4 te ootte hyvi\u00e4 ja erinomaisia ja mahtavia, mutta teh\u00e4n oottekin superloistaviahyvi\u00e4mahtavia! Kiitos! Me todella nautimme!\u201d \u201d Valtavan kauniisti soivat [&hellip;]<\/p>\n","protected":false},"author":1,"featured_media":227,"parent":0,"menu_order":0,"comment_status":"closed","ping_status":"closed","template":"","meta":{"zakra_page_container_layout":"customizer","zakra_page_sidebar_layout":"customizer","zakra_remove_content_margin":false,"zakra_sidebar":"customizer","zakra_transparent_header":"customizer","zakra_logo":0,"zakra_main_header_style":"default","zakra_menu_item_color":"","zakra_menu_item_hover_color":"","zakra_menu_item_active_color":"","zakra_menu_active_style":"","zakra_page_header":true,"footnotes":""},"class_list":["post-221","page","type-page","status-publish","has-post-thumbnail","hentry"],"_links":{"self":[{"href":"https:\/\/pavanesingers.fi\/index.php?rest_route=\/wp\/v2\/pages\/221","targetHints":{"allow":["GET"]}}],"collection":[{"href":"https:\/\/pavanesingers.fi\/index.php?rest_route=\/wp\/v2\/pages"}],"about":[{"href":"https:\/\/pavanesingers.fi\/index.php?rest_route=\/wp\/v2\/types\/page"}],"author":[{"embeddable":true,"href":"https:\/\/pavanesingers.fi\/index.php?rest_route=\/wp\/v2\/users\/1"}],"replies":[{"embeddable":true,"href":"https:\/\/pavanesingers.fi\/index.php?rest_route=%2Fwp%2Fv2%2Fcomments&post=221"}],"version-history":[{"count":15,"href":"https:\/\/pavanesingers.fi\/index.php?rest_route=\/wp\/v2\/pages\/221\/revisions"}],"predecessor-version":[{"id":470,"href":"https:\/\/pavanesingers.fi\/index.php?rest_route=\/wp\/v2\/pages\/221\/revisions\/470"}],"wp:featuredmedia":[{"embeddable":true,"href":"https:\/\/pavanesingers.fi\/index.php?rest_route=\/wp\/v2\/media\/227"}],"wp:attachment":[{"href":"https:\/\/pavanesingers.fi\/index.php?rest_route=%2Fwp%2Fv2%2Fmedia&parent=221"}],"curies":[{"name":"wp","href":"https:\/\/api.w.org\/{rel}","templated":true}]}}