{"id":142,"date":"2025-05-17T07:50:46","date_gmt":"2025-05-17T07:50:46","guid":{"rendered":"https:\/\/pavanesingers.fi\/?page_id=142"},"modified":"2026-04-20T11:53:51","modified_gmt":"2026-04-20T11:53:51","slug":"satu-luukkonen","status":"publish","type":"page","link":"https:\/\/pavanesingers.fi\/?page_id=142","title":{"rendered":"Satu Luukkonen"},"content":{"rendered":"\n<p class=\"has-text-align-center\">Satu Luukkonen on intohimoisesti musiikkia tekev\u00e4 kuoronjohtaja.<\/p>\n\n\n\n<p class=\"has-text-align-center\">Sadulla on kunnianhimoinen ja innostava asenne, joka tarttuu laulajiin ja avaa korvat kuulemaan soundeja upeiden sointiv\u00e4rien maailmasta.<br>Pavanen lis\u00e4ksi Luukkonen johtaa Aino -kuoroa sek\u00e4 Lauluyhtye Efekti\u00e4. <\/p>\n\n\n\n<p class=\"has-text-align-center\">Satu Luukkosen johtamat kuorot ja lauluyhtyeet ovat menestyneet kotimaassa sek\u00e4 ulkomailla.<\/p>\n\n\n\n<figure class=\"wp-block-image aligncenter size-full\"><img loading=\"lazy\" decoding=\"async\" width=\"385\" height=\"276\" src=\"https:\/\/pavanesingers.fi\/wp-content\/uploads\/2025\/03\/pvn.png\" alt=\"Satu Luukkonen, taiteellinen johtaja\" class=\"wp-image-8\" srcset=\"https:\/\/pavanesingers.fi\/wp-content\/uploads\/2025\/03\/pvn.png 385w, https:\/\/pavanesingers.fi\/wp-content\/uploads\/2025\/03\/pvn-300x215.png 300w\" sizes=\"auto, (max-width: 385px) 100vw, 385px\" \/><\/figure>\n\n\n\n<p class=\"has-text-align-center\"><\/p>\n","protected":false},"excerpt":{"rendered":"<p>Satu Luukkonen on intohimoisesti musiikkia tekev\u00e4 kuoronjohtaja. Sadulla on kunnianhimoinen ja innostava asenne, joka tarttuu laulajiin ja avaa korvat kuulemaan soundeja upeiden sointiv\u00e4rien maailmasta.Pavanen lis\u00e4ksi Luukkonen johtaa Aino -kuoroa sek\u00e4 Lauluyhtye Efekti\u00e4. Satu Luukkosen johtamat kuorot ja lauluyhtyeet ovat menestyneet kotimaassa sek\u00e4 ulkomailla.<\/p>\n","protected":false},"author":1,"featured_media":0,"parent":0,"menu_order":0,"comment_status":"closed","ping_status":"closed","template":"","meta":{"zakra_page_container_layout":"customizer","zakra_page_sidebar_layout":"customizer","zakra_remove_content_margin":false,"zakra_sidebar":"customizer","zakra_transparent_header":"customizer","zakra_logo":0,"zakra_main_header_style":"default","zakra_menu_item_color":"","zakra_menu_item_hover_color":"","zakra_menu_item_active_color":"","zakra_menu_active_style":"","zakra_page_header":true,"footnotes":""},"class_list":["post-142","page","type-page","status-publish","hentry"],"_links":{"self":[{"href":"https:\/\/pavanesingers.fi\/index.php?rest_route=\/wp\/v2\/pages\/142","targetHints":{"allow":["GET"]}}],"collection":[{"href":"https:\/\/pavanesingers.fi\/index.php?rest_route=\/wp\/v2\/pages"}],"about":[{"href":"https:\/\/pavanesingers.fi\/index.php?rest_route=\/wp\/v2\/types\/page"}],"author":[{"embeddable":true,"href":"https:\/\/pavanesingers.fi\/index.php?rest_route=\/wp\/v2\/users\/1"}],"replies":[{"embeddable":true,"href":"https:\/\/pavanesingers.fi\/index.php?rest_route=%2Fwp%2Fv2%2Fcomments&post=142"}],"version-history":[{"count":21,"href":"https:\/\/pavanesingers.fi\/index.php?rest_route=\/wp\/v2\/pages\/142\/revisions"}],"predecessor-version":[{"id":505,"href":"https:\/\/pavanesingers.fi\/index.php?rest_route=\/wp\/v2\/pages\/142\/revisions\/505"}],"wp:attachment":[{"href":"https:\/\/pavanesingers.fi\/index.php?rest_route=%2Fwp%2Fv2%2Fmedia&parent=142"}],"curies":[{"name":"wp","href":"https:\/\/api.w.org\/{rel}","templated":true}]}}