{"id":110,"date":"2025-04-04T13:07:36","date_gmt":"2025-04-04T13:07:36","guid":{"rendered":"https:\/\/pavanesingers.fi\/?page_id=110"},"modified":"2026-04-20T12:06:07","modified_gmt":"2026-04-20T12:06:07","slug":"uusi-etusivut","status":"publish","type":"page","link":"https:\/\/pavanesingers.fi\/","title":{"rendered":"Etusivu"},"content":{"rendered":"\n\n\n<div class=\"wp-block-cover has-custom-content-position is-position-bottom-center has-zakra-color-9-color has-text-color has-link-color wp-elements-4215cb8b08afc3c64d8adf3c07f17dab\" style=\"margin-top:var(--wp--preset--spacing--40);margin-bottom:var(--wp--preset--spacing--40);padding-top:0;padding-bottom:0;min-height:100vh;aspect-ratio:unset;\"><img loading=\"lazy\" decoding=\"async\" width=\"1024\" height=\"682\" class=\"wp-block-cover__image-background wp-image-418 size-large\" alt=\"\" src=\"https:\/\/pavanesingers.fi\/wp-content\/uploads\/2026\/04\/kuoro-su-3-4-1024x682.jpg\" style=\"object-position:49% 78%\" data-object-fit=\"cover\" data-object-position=\"49% 78%\" srcset=\"https:\/\/pavanesingers.fi\/wp-content\/uploads\/2026\/04\/kuoro-su-3-4-1024x682.jpg 1024w, https:\/\/pavanesingers.fi\/wp-content\/uploads\/2026\/04\/kuoro-su-3-4-300x200.jpg 300w, https:\/\/pavanesingers.fi\/wp-content\/uploads\/2026\/04\/kuoro-su-3-4-768x512.jpg 768w, https:\/\/pavanesingers.fi\/wp-content\/uploads\/2026\/04\/kuoro-su-3-4-1536x1023.jpg 1536w, https:\/\/pavanesingers.fi\/wp-content\/uploads\/2026\/04\/kuoro-su-3-4.jpg 1600w\" sizes=\"auto, (max-width: 1024px) 100vw, 1024px\" \/><span aria-hidden=\"true\" class=\"wp-block-cover__background has-background-dim-30 has-background-dim\" style=\"background-color:#60564c\"><\/span><div class=\"wp-block-cover__inner-container is-layout-constrained wp-block-cover-is-layout-constrained\">\n<p class=\"has-text-align-center has-x-large-font-size\">Lauluyhtye Pavane<\/p>\n\n\n\n<p class=\"has-text-align-center has-zakra-color-3-color has-text-color has-medium-font-size\">Persoonallinen a cappella &#8211; lauluyhtye<\/p>\n\n\n\n<p class=\"has-text-align-center has-zakra-color-3-color has-text-color has-link-color wp-elements-ab417d4889d68947423d8cd7edc09119\">Konsertteja ja n\u00e4ytelm\u00e4llisi\u00e4 musiikkiel\u00e4myksi\u00e4<\/p>\n\n\n\n<div class=\"wp-block-buttons is-content-justification-center is-layout-flex wp-container-core-buttons-is-layout-a89b3969 wp-block-buttons-is-layout-flex\">\n<div class=\"wp-block-button\"><a class=\"wp-block-button__link has-black-color has-zakra-color-9-background-color has-text-color has-background has-link-color wp-element-button\" href=\"https:\/\/pavanesingers.fi\/?page_id=18\" rel=\"nofollow\">Seuraavat konserttimme<\/a><\/div>\n\n\n\n<div class=\"wp-block-button is-style-outline is-style-outline--1\"><a class=\"wp-block-button__link has-black-color has-zakra-color-9-background-color has-text-color has-background has-link-color wp-element-button\" href=\"https:\/\/pavanesingers.fi\/?page_id=23\" rel=\"nofollow\">Tilaa meid\u00e4t keikalle<\/a><\/div>\n<\/div>\n<\/div><\/div>\n\n\n\n\n\n\n\n\n\n\n\n<div class=\"wp-block-group has-background is-layout-constrained wp-block-group-is-layout-constrained\" style=\"background-color:#f6f4f1\">\n<h2 class=\"wp-block-heading has-medium-font-size\">Mik\u00e4 Pavane?<\/h2>\n\n\n\n<p>Lauluyhtye Pavane on naisista ja miehist\u00e4 koostuva a cappella-lauluyhtye. Ohjelmisto koostuu niin kevyemm\u00e4st\u00e4 kuin klassisestakin musiikista, ja eri tyylilajeista. Lauluyhtye viritt\u00e4ytyy jopa 8-stemmaiseen musisointiin. <\/p>\n\n\n\n<p>Pavane on tunnettu n\u00e4ytelm\u00e4llisist\u00e4 musiikkiesityksist\u00e4 ja perinteisist\u00e4 konserteista. Esityksi\u00e4 muokataan erilaisiin tilaisuuksiin sopiviksi vaihtuvin kokoonpanoin. Lauluyhtye j\u00e4rjest\u00e4\u00e4 omia konserttikokonaisuuksia ja yhtyeen voi tilata my\u00f6s esiintym\u00e4\u00e4n yksityistilaisuuksiin.<\/p>\n\n\n\n<p>Yhtye on perustettu vuonna 1992 ja t\u00e4ll\u00e4 hetkell\u00e4 Pavane toimii Lieto-opiston alaisuudessa harjoitellen kerran viikossa. Taiteellisena johtajana toimii Satu Luukkonen.<\/p>\n<\/div>\n\n\n\n<p><\/p>\n","protected":false},"excerpt":{"rendered":"<p>Mik\u00e4 Pavane? Lauluyhtye Pavane on naisista ja miehist\u00e4 koostuva a cappella-lauluyhtye. Ohjelmisto koostuu niin kevyemm\u00e4st\u00e4 kuin klassisestakin musiikista, ja eri tyylilajeista. Lauluyhtye viritt\u00e4ytyy jopa 8-stemmaiseen musisointiin. Pavane on tunnettu n\u00e4ytelm\u00e4llisist\u00e4 musiikkiesityksist\u00e4 ja perinteisist\u00e4 konserteista. Esityksi\u00e4 muokataan erilaisiin tilaisuuksiin sopiviksi vaihtuvin kokoonpanoin. Lauluyhtye j\u00e4rjest\u00e4\u00e4 omia konserttikokonaisuuksia ja yhtyeen voi tilata my\u00f6s esiintym\u00e4\u00e4n yksityistilaisuuksiin. Yhtye on perustettu [&hellip;]<\/p>\n","protected":false},"author":1,"featured_media":0,"parent":0,"menu_order":0,"comment_status":"closed","ping_status":"closed","template":"","meta":{"zakra_page_container_layout":"stretched","zakra_page_sidebar_layout":"customizer","zakra_remove_content_margin":false,"zakra_sidebar":"customizer","zakra_transparent_header":"customizer","zakra_logo":0,"zakra_main_header_style":"default","zakra_menu_item_color":"","zakra_menu_item_hover_color":"","zakra_menu_item_active_color":"","zakra_menu_active_style":"","zakra_page_header":true,"footnotes":""},"class_list":["post-110","page","type-page","status-publish","hentry"],"_links":{"self":[{"href":"https:\/\/pavanesingers.fi\/index.php?rest_route=\/wp\/v2\/pages\/110","targetHints":{"allow":["GET"]}}],"collection":[{"href":"https:\/\/pavanesingers.fi\/index.php?rest_route=\/wp\/v2\/pages"}],"about":[{"href":"https:\/\/pavanesingers.fi\/index.php?rest_route=\/wp\/v2\/types\/page"}],"author":[{"embeddable":true,"href":"https:\/\/pavanesingers.fi\/index.php?rest_route=\/wp\/v2\/users\/1"}],"replies":[{"embeddable":true,"href":"https:\/\/pavanesingers.fi\/index.php?rest_route=%2Fwp%2Fv2%2Fcomments&post=110"}],"version-history":[{"count":28,"href":"https:\/\/pavanesingers.fi\/index.php?rest_route=\/wp\/v2\/pages\/110\/revisions"}],"predecessor-version":[{"id":520,"href":"https:\/\/pavanesingers.fi\/index.php?rest_route=\/wp\/v2\/pages\/110\/revisions\/520"}],"wp:attachment":[{"href":"https:\/\/pavanesingers.fi\/index.php?rest_route=%2Fwp%2Fv2%2Fmedia&parent=110"}],"curies":[{"name":"wp","href":"https:\/\/api.w.org\/{rel}","templated":true}]}}